{"id":871,"date":"2024-02-01T15:06:19","date_gmt":"2024-02-01T15:06:19","guid":{"rendered":"https:\/\/conadeh.hn\/?page_id=871"},"modified":"2024-02-01T15:57:31","modified_gmt":"2024-02-01T15:57:31","slug":"quienes-somos","status":"publish","type":"page","link":"https:\/\/conadeh.hn\/?page_id=871","title":{"rendered":"\u00bfQuienes Somos?"},"content":{"rendered":"\t\t<div data-elementor-type=\"wp-page\" data-elementor-id=\"871\" class=\"elementor elementor-871\">\n\t\t\t\t<div class=\"elementor-element elementor-element-3e5d053 e-flex e-con-boxed e-con e-parent\" data-id=\"3e5d053\" data-element_type=\"container\" data-e-type=\"container\">\n\t\t\t\t\t<div class=\"e-con-inner\">\n\t\t\t\t\t<\/div>\n\t\t\t\t<\/div>\n\t\t\t\t<\/div>\n\t\t","protected":false},"excerpt":{"rendered":"<p>Misi\u00f3n Visi\u00f3n Valores Somos la Instituci\u00f3n Nacional de los Derechos Humanos de Honduras que goza de independencia funcional, administrativa, t\u00e9cnica y de criterio creada para velar por la prevenci\u00f3n, promoci\u00f3n, protecci\u00f3n y la defensa de los derechos humanos y libertades fundamentales de las y los habitantes, y especialmente, los de [&hellip;]<\/p>\n","protected":false},"author":1,"featured_media":0,"parent":0,"menu_order":0,"comment_status":"closed","ping_status":"closed","template":"","meta":{"saved_in_kubio":false,"_themeisle_gutenberg_block_has_review":false,"_kadence_starter_templates_imported_post":false,"footnotes":""},"class_list":["post-871","page","type-page","status-publish","hentry"],"kubio_ai_page_context":{"short_desc":"","purpose":"general"},"_links":{"self":[{"href":"https:\/\/conadeh.hn\/index.php?rest_route=\/wp\/v2\/pages\/871","targetHints":{"allow":["GET"]}}],"collection":[{"href":"https:\/\/conadeh.hn\/index.php?rest_route=\/wp\/v2\/pages"}],"about":[{"href":"https:\/\/conadeh.hn\/index.php?rest_route=\/wp\/v2\/types\/page"}],"author":[{"embeddable":true,"href":"https:\/\/conadeh.hn\/index.php?rest_route=\/wp\/v2\/users\/1"}],"replies":[{"embeddable":true,"href":"https:\/\/conadeh.hn\/index.php?rest_route=%2Fwp%2Fv2%2Fcomments&post=871"}],"version-history":[{"count":10,"href":"https:\/\/conadeh.hn\/index.php?rest_route=\/wp\/v2\/pages\/871\/revisions"}],"predecessor-version":[{"id":885,"href":"https:\/\/conadeh.hn\/index.php?rest_route=\/wp\/v2\/pages\/871\/revisions\/885"}],"wp:attachment":[{"href":"https:\/\/conadeh.hn\/index.php?rest_route=%2Fwp%2Fv2%2Fmedia&parent=871"}],"curies":[{"name":"wp","href":"https:\/\/api.w.org\/{rel}","templated":true}]}}